{"id":3425,"date":"2022-10-24T15:50:36","date_gmt":"2022-10-24T13:50:36","guid":{"rendered":"https:\/\/www.ferrox.it\/?page_id=3425"},"modified":"2023-09-07T11:26:26","modified_gmt":"2023-09-07T09:26:26","slug":"privacy-policy","status":"publish","type":"page","link":"https:\/\/www.ferrox.it\/de\/privacy-policy\/","title":{"rendered":"Privacy policy"},"content":{"rendered":"\n<p><strong>VORWORT<\/strong><\/p>\n\n\n\n<p>Dieses Dokument, das gem\u00e4\u00df Artikel&nbsp;13 der EU-Verordnung&nbsp;679\/2016 verfasst wurde, beschreibt die Art und Weise, in der die Website \u201eferrox.it\u201c die personenbezogenen Daten der Benutzer ihrer Website (im Folgenden \u201eWebsite\u201c) sammelt und verarbeitet, unabh\u00e4ngig davon, ob diese als registrierte Benutzer (diejenigen, die ein Konto auf der Website haben, im Folgenden \u201eregistrierte Benutzer\u201c) oder nicht registrierte Benutzer (diejenigen, die die Website ohne Registrierung nutzen, im Folgenden \u201enicht registrierte Benutzer\u201c) identifiziert werden. Diese beiden Gruppen werden in dieser Richtlinie gemeinsam als \u201ebetroffene Personen\u201c oder \u201eBenutzer\u201c bezeichnet.<\/p>\n\n\n\n<p>Die hier zusammengefassten Verfahren unterliegen der EU-Verordnung 679\/2016 \u00fcber den Schutz personenbezogener Daten (nachstehend \u201eVerordnung\u201c genannt).<\/p>\n\n\n\n<p><strong>VERANTWORTLICHER F\u00dcR DIE DATENVERARBEITUNG<\/strong><\/p>\n\n\n\n<p>Der f\u00fcr die Datenverarbeitung Verantwortliche (im Folgenden \u201eVerantwortlicher\u201c genannt) ist die Firma Ferrox Srl, mit Sitz in Via del Lavoro 9, 31013 &#8211; Codogn\u00e8 (TV), MwSt.-Nr. 03613220262.<\/p>\n\n\n\n<p>Kontakt des Verantwortlichen: info@ferrox.it<\/p>\n\n\n\n<p><strong>ERFASSTE DATEN<\/strong><\/p>\n\n\n\n<p>Um den Benutzern den Zugang zu den angebotenen Diensten zu erm\u00f6glichen, darf der f\u00fcr die Datenverarbeitung Verantwortliche die folgenden Daten erfassen:<\/p>\n\n\n\n<p><strong>Von Benutzern bereitgestellte Daten<\/strong><\/p>\n\n\n\n<p>Benutzerprofil: H\u00e4ndler k\u00f6nnen ein Konto er\u00f6ffnen, um als registrierter Benutzer Zugang zu den Diensten der Website zu erhalten. Beim Anlegen oder Bearbeiten dieses Kontos k\u00f6nnen bestimmte Daten erhoben werden, z.&nbsp;B. Vorname, Nachname, E-Mail-Adresse, Wohnanschrift, Sozialversicherungsnummer, Telefonnummer, Benutzername und Passwort f\u00fcr den Zugang sowie Zahlungsinformationen.<\/p>\n\n\n\n<p>Personenbezogene Daten: Die Website bietet die M\u00f6glichkeit, als \u201enicht registrierter Benutzer\u201c einzukaufen. Dadurch kann der Besucher die Dienste der Website nutzen, ohne ein Konto einzurichten. In diesem Fall werden zur Durchf\u00fchrung der Bestellung und der anschlie\u00dfenden Transaktion dennoch bestimmte Daten wie Vorname, Nachname, E-Mail-Adresse, Wohnanschrift, Sozialversicherungsnummer, Geburtsdatum, Telefonnummer und Zahlungsinformationen abgefragt und gespeichert.<\/p>\n\n\n\n<p>Freiwillig von den Nutzern \u00fcbermittelte Informationen: Es k\u00f6nnen Daten gesammelt werden, die von den betroffenen Personen \u00fcbermittelt werden, wenn sie sich an die Hotline wenden, wenn sie sich anderweitig mit dem Inhaber in Verbindung setzen oder wenn sie sich f\u00fcr den Newsletter anmelden.<\/p>\n\n\n\n<p>Kaufdaten: Wenn ein Nutzer ein Produkt kauft, k\u00f6nnen Daten \u00fcber den get\u00e4tigten Kauf und das gew\u00e4hlte Produkt erfasst werden.<\/p>\n\n\n\n<p><strong>Bei der Nutzung der Dienste erzeugte Daten<\/strong><\/p>\n\n\n\n<p>Transaktionsdaten: Es k\u00f6nnen Daten \u00fcber Transaktionen im Zusammenhang mit dem Kauf der angebotenen Waren gesammelt werden, einschlie\u00dflich des gew\u00e4hlten Produkts, des Datums und der Uhrzeit des Kaufs, des in Rechnung gestellten Betrags, der Zahlungsmethode und ob Gutscheine oder Werbecodes verwendet wurden.<\/p>\n\n\n\n<p>Nutzungsdaten: Es k\u00f6nnen Informationen dar\u00fcber gesammelt werden, wie Benutzer mit der Website interagieren. Zu diesen Informationen geh\u00f6ren Nutzungsstatistiken, Datum und Uhrzeit des Zugriffs, aufgerufene Seiten und durchgef\u00fchrte Suchen. Weitere Informationen finden Sie in der Cookie-Richtlinie [Link].&nbsp;<\/p>\n\n\n\n<p><strong>ZWECK DER DATENVERARBEITUNG<\/strong><\/p>\n\n\n\n<p>Die gesammelten Daten werden f\u00fcr folgende Zwecke verwendet:<\/p>\n\n\n\n<p>Dienste und Funktionen<\/p>\n\n\n\n<p>Der f\u00fcr die Datenverarbeitung Verantwortliche verwendet die gesammelten Informationen, um seine Dienste bereitzustellen, anzupassen, zu warten und zu verbessern. Zu diesem Zweck werden eine Reihe von Aktivit\u00e4ten durchgef\u00fchrt:<\/p>\n\n\n\n<ul class=\"wp-block-list\">\n<li>um Konten zu erstellen und zu aktualisieren<\/li>\n\n\n\n<li>um den Benutzern den Kauf von Produkten zu erm\u00f6glichen, die \u00fcber die Website zur Verf\u00fcgung gestellt werden, entweder als registrierte Benutzer oder als nicht registrierte Benutzer<\/li>\n\n\n\n<li>um Zahlungen zu verarbeiten<\/li>\n\n\n\n<li>um interne Vorg\u00e4nge durchzuf\u00fchren, die f\u00fcr die Aufrechterhaltung der Website erforderlich sind, einschlie\u00dflich der Fehlerbehebung, der Durchf\u00fchrung von Datenanalysen, Tests, Untersuchungen, \u00dcberwachungen und Trendkontrollen im Zusammenhang mit der Nutzung der Website<\/li>\n\n\n\n<li>um die \u00fcblichen Verwaltungs- und Buchhaltungsvorg\u00e4nge auszuf\u00fchren<\/li>\n\n\n\n<li>um Kundenanfragen zu beantworten.<\/li>\n<\/ul>\n\n\n\n<p>Kundendienst<\/p>\n\n\n\n<p>Der Verantwortliche verwendet die gesammelten Daten au\u00dferdem, um einen effizienten Kundendienst zu gew\u00e4hrleisten, d.&nbsp;h.:<\/p>\n\n\n\n<ul class=\"wp-block-list\">\n<li>um von Benutzern gemeldete Probleme zu untersuchen und zu l\u00f6sen<\/li>\n\n\n\n<li>um die Reaktionen des Kundendienstes zu \u00fcberwachen und zu verbessern.<\/li>\n<\/ul>\n\n\n\n<p>Rechtliche Verfahren und Anforderungen<\/p>\n\n\n\n<p>Die gesammelten Daten k\u00f6nnen auch verwendet werden, um Anfragen oder Streitigkeiten im Zusammenhang mit der Nutzung der angebotenen Dienste zu kl\u00e4ren bzw. zu bearbeiten oder um bestimmte gesetzliche Anforderungen zu erf\u00fcllen, die laut den geltenden Rechtsvorschriften vorgeschrieben sind.<\/p>\n\n\n\n<p>Werbekampagnen<\/p>\n\n\n\n<p>Die gesammelten Daten k\u00f6nnen verwendet werden, um durch den Versand von Werbe- und Marketing-E-Mails Angebote im Zusammenhang mit ihren Produkten vorzuschlagen oder hervorzuheben.<\/p>\n\n\n\n<p><strong>DATEN\u00dcBERMITTLUNG<\/strong><\/p>\n\n\n\n<p>Um die f\u00fcr die Bereitstellung ihrer Produkte erforderlichen Abl\u00e4ufe zu erm\u00f6glichen, k\u00f6nnen die erfassten Daten \u00fcbermittelt werden:<br><\/p>\n\n\n\n<p>An Serviceanbieter<\/p>\n\n\n\n<p>Der Verantwortliche kann Informationen mit Lieferanten, Beratern und anderen Serviceanbietern oder Gesch\u00e4ftspartnern austauschen. Zu diesen Kategorien von Einrichtungen geh\u00f6ren unter anderem:<\/p>\n\n\n\n<ul class=\"wp-block-list\">\n<li>Systeme zur Zahlungsabwicklung und -erm\u00e4chtigung<\/li>\n\n\n\n<li>Anbieter von Cloud-Speicherplatz<\/li>\n\n\n\n<li>Anbieter, die den Inhaber bei der Entwicklung und Optimierung der Sicherheit der Website unterst\u00fctzen<\/li>\n\n\n\n<li>Berater, Rechtsanw\u00e4lte, Buchhalter und andere professionelle Serviceanbieter<\/li>\n\n\n\n<li>Personen, die vom Verantwortlichen zur Verarbeitung der Daten erm\u00e4chtigt wurden.<br><\/li>\n<\/ul>\n\n\n\n<p>Aus rechtlichen Gr\u00fcnden oder im Falle eines Rechtsstreits<\/p>\n\n\n\n<p>Der Verantwortliche darf Daten \u00fcbermitteln, wenn dies in \u00dcbereinstimmung mit den geltenden Gesetzen, Vorschriften, Betriebsvereinbarungen, Gerichtsverfahren oder beh\u00f6rdlichen Aufforderungen erfolgt oder wenn die Offenlegung solcher Informationen aus Sicherheits- oder anderen \u00e4hnlichen Gr\u00fcnden erforderlich ist.<\/p>\n\n\n\n<p>Dies schlie\u00dft die \u00dcbermittlung von Daten an Strafverfolgungs- und Justizbeh\u00f6rden ein.&nbsp;<\/p>\n\n\n\n<p>Wenn die Kreditkarte einer anderen Person zur Bezahlung von auf der Website erworbenen Services verwendet wird, d\u00fcrfen diese Daten an den rechtm\u00e4\u00dfigen Inhaber der Kreditkarte \u00fcbermittelt werden.<\/p>\n\n\n\n<p>Unter Bezugnahme auf die Ausf\u00fchrungen in diesem Abschnitt m\u00f6chten wir Sie dar\u00fcber informieren, dass Sie die aktualisierte Liste der Datenverarbeiter in den B\u00fcros des f\u00fcr die Datenverarbeitung Verantwortlichen einsehen oder eine Kopie \u00fcber die in diesem Dokument angegebenen Kontaktdaten anfordern k\u00f6nnen.<\/p>\n\n\n\n<p><strong>\u00dcBERMITTLUNG VON DATEN INS AUSLAND<\/strong><\/p>\n\n\n\n<p>Der f\u00fcr die Datenverarbeitung Verantwortliche teilt mit, dass die personenbezogenen Daten der betroffenen Personen nicht au\u00dferhalb der Europ\u00e4ischen&nbsp;Union \u00fcbermittelt werden. Es wird jedoch darauf hingewiesen, dass der f\u00fcr die Datenverarbeitung Verantwortliche in jedem Fall berechtigt ist, die Daten in die Europ\u00e4ische&nbsp;Union und\/oder in Nicht-EU-L\u00e4nder zu \u00fcbermitteln, wenn dies erforderlich sein sollte. In diesem Fall stellt der f\u00fcr die Datenverarbeitung Verantwortliche sicher, dass die Daten\u00fcbermittlung in L\u00e4nder au\u00dferhalb der EU unter Einhaltung der geltenden Rechtsvorschriften erfolgt, indem er gegebenenfalls Vereinbarungen trifft, die ein angemessenes Schutzniveau gew\u00e4hrleisten, und\/oder indem er die von der Europ\u00e4ischen Kommission vorgesehenen Standardvertragsklauseln und\/oder verbindlichen internen Vorschriften des Unternehmens anwendet.<\/p>\n\n\n\n<p><strong>NUTZUNGSBEDINGUNGEN UND SPEICHERUNG<\/strong><\/p>\n\n\n\n<p>Die Website verwendet die Profilinformationen des Nutzers, um ihre Dienste anzubieten, und speichert sie so lange, wie das Konto aktiv bleibt.<\/p>\n\n\n\n<p>Sie bewahrt die Daten, einschlie\u00dflich der Transaktionsdaten, gem\u00e4\u00df den gesetzlichen, steuerlichen und sonstigen Anforderungen des Landes, in dem sie t\u00e4tig ist, f\u00fcr 10&nbsp;Jahre auf. Nach Ablauf des genannten Zeitraums oder wenn diese Daten f\u00fcr die oben genannten Zwecke nicht mehr ben\u00f6tigt werden, ergreift der Verantwortliche die erforderlichen Ma\u00dfnahmen, um den Zugang oder die Verwendung f\u00fcr andere Zwecke zu verhindern.<\/p>\n\n\n\n<p>Die betroffenen Personen k\u00f6nnen die L\u00f6schung ihres Kontos beantragen, und auf einen solchen Antrag hin l\u00f6scht der f\u00fcr die Datenverarbeitung Verantwortliche die Daten, zu deren Aufbewahrung er nicht verpflichtet ist, und anonymisiert, soweit m\u00f6glich, die Daten, die nicht gel\u00f6scht werden k\u00f6nnen.<\/p>\n\n\n\n<p>Kontaktdaten, die f\u00fcr die Zusendung von Werbeinformationen erforderlich sind, werden f\u00fcr maximal 24&nbsp;Monate gespeichert.&nbsp;<\/p>\n\n\n\n<p><strong>RECHTSGRUNDLAGEN F\u00dcR DIE DATENVERARBEITUNG<\/strong><\/p>\n\n\n\n<p>Die erhobenen personenbezogenen Daten werden auf der Grundlage einer oder mehrerer in der Verordnung genannter Rechtsgrundlagen verarbeitet:<\/p>\n\n\n\n<p>Die Datenverarbeitung ist notwendig, um die von den betroffenen Personen angeforderten Leistungen zu erbringen:<\/p>\n\n\n\n<p>Der Verantwortliche muss die folgenden Daten sammeln und verwenden, um seine Leistungen anbieten zu k\u00f6nnen:<\/p>\n\n\n\n<ul class=\"wp-block-list\">\n<li>Profildaten, die erforderlich sind, um das Konto zu erstellen und zu verwalten und um die Durchf\u00fchrung von Zahlungen zu erm\u00f6glichen<\/li>\n\n\n\n<li>Bestell- und Transaktionsdaten, die f\u00fcr die Erstellung und Speicherung im Zusammenhang mit dem Kauf von Produkten auf der Website erforderlich sind<\/li>\n\n\n\n<li>Nutzungsdaten, die f\u00fcr die Verwaltung, Optimierung und Verbesserung der angebotenen Leistungen erforderlich sind<\/li>\n\n\n\n<li>Kontaktdaten, die erforderlich sind, um auf Anfragen des Benutzers \u00fcber den Bereich \u201eKundendienst\u201c zu antworten<\/li>\n<\/ul>\n\n\n\n<p>Die Bereitstellung und Verwendung dieser Daten ist eine notwendige Voraussetzung f\u00fcr die Nutzung der angebotenen Leistungen.<\/p>\n\n\n\n<p>Die Datenverarbeitung ist zur Wahrung der berechtigten Interessen des Verantwortlichen erforderlich<\/p>\n\n\n\n<p>Der f\u00fcr die Datenverarbeitung Verantwortliche erhebt und verwendet personenbezogene Daten, soweit dies f\u00fcr seine berechtigten Interessen erforderlich ist. Solche Informationen dienen folgenden Zwecken:<\/p>\n\n\n\n<ul class=\"wp-block-list\">\n<li>der Durchsetzung der eigenen Rechte in Gerichtsverfahren<\/li>\n\n\n\n<li>der Unterst\u00fctzung des Benutzers<\/li>\n\n\n\n<li>um Services zu verbessern und neue Services zu entwickeln<\/li>\n\n\n\n<li>der Forschung und Analyse Dazu geh\u00f6rt zum Beispiel die Analyse von Nutzungstrends zur Verbesserung der Nutzererfahrung, zur Erh\u00f6hung der Sicherheit und zum Schutz der Website.<br><\/li>\n<\/ul>\n\n\n\n<p>Die Datenverarbeitung ist zur Erf\u00fcllung rechtlicher Verpflichtungen erforderlich<\/p>\n\n\n\n<p>Der f\u00fcr die Datenverarbeitung Verantwortliche kann durch das geltende Regelwerk verpflichtet sein, personenbezogene Daten zu erheben, zu verarbeiten, zu \u00fcbermitteln und zu speichern.<\/p>\n\n\n\n<p>Der f\u00fcr die Datenverarbeitung Verantwortliche darf au\u00dferdem Daten an Strafverfolgungs- und Justizbeh\u00f6rden oder aufgrund von Anfragen Dritter im Rahmen von Gerichtsverfahren \u00fcbermitteln.<\/p>\n\n\n\n<p>Die Datenverarbeitung unterliegt der Zustimmung der betroffenen Person<\/p>\n\n\n\n<p>Der Benutzer muss seine ausdr\u00fcckliche Einwilligung erteilen, um die folgenden Dienste in Anspruch nehmen zu k\u00f6nnen:<\/p>\n\n\n\n<ul class=\"wp-block-list\">\n<li>Empfang von Werbe-Newslettern.<\/li>\n<\/ul>\n\n\n\n<p><strong>RECHTE DER BETROFFENEN PERSONEN<\/strong><\/p>\n\n\n\n<p>Die betroffene Person hat das Recht, von dem f\u00fcr die Datenverarbeitung Verantwortlichen jederzeit Auskunft \u00fcber ihre personenbezogenen Daten zu verlangen, sie zu berichtigen oder zu l\u00f6schen oder ihrer Verarbeitung zu widersprechen. Sie hat zudem das Recht, in den in Art. 18 der Verordnung vorgesehenen F\u00e4llen die Einschr\u00e4nkung der Verarbeitung zu verlangen sowie in den in Art. 20 der Verordnung vorgesehenen F\u00e4llen die sie betreffenden Daten in einem strukturierten, allgemein gebr\u00e4uchlichen und maschinenlesbaren Format zu erhalten.<\/p>\n\n\n\n<p>F\u00fcr die Aus\u00fcbung der oben genannten Rechte oder bei Fragen oder Unklarheiten zu dieser Datenschutzrichtlinie wenden Sie sich bitte an die in dieser Mitteilung angegebenen Kontakte.<\/p>\n\n\n\n<p>Der f\u00fcr die Datenverarbeitung Verantwortliche wird Ihnen unverz\u00fcglich und innerhalb einer Frist von h\u00f6chstens einem&nbsp;(1) Monat eine angemessene R\u00fcckmeldung geben. In besonders komplexen F\u00e4llen kann die Frist f\u00fcr die R\u00fcckmeldung im Einklang mit der Verordnung drei (3) Monate betragen. In jedem Fall wird der f\u00fcr die Datenverarbeitung Verantwortliche die betroffene Person innerhalb eines Monats nach der Anfrage informieren, auch um die Ablehnung in den F\u00e4llen mitzuteilen, die in den geltenden Bestimmungen ausdr\u00fccklich vorgesehen sind.<\/p>\n\n\n\n<p><strong>RECHT AUF BESCHWERDE BEI DER AUFSICHTSBEH\u00d6RDE<\/strong><\/p>\n\n\n\n<p>Wir informieren Sie au\u00dferdem dar\u00fcber, dass Sie sich gem\u00e4\u00df Art.&nbsp;77 der EU-Verordnung 679\/2016 an die Datenschutzbeh\u00f6rde sowie an die ordentliche Gerichtsbarkeit wenden k\u00f6nnen, wenn Sie sich in Ihren Rechten verletzt f\u00fchlen.<\/p>\n\n\n\n<p><strong>AKTUALISIERUNG DER INFORMATIONEN<\/strong><\/p>\n\n\n\n<p>Der Verantwortliche kann diese Informationen gelegentlich aktualisieren.&nbsp;<\/p>\n\n\n\n<p>Soweit dies nach geltendem Recht zul\u00e4ssig ist, erkl\u00e4ren Sie sich durch die Nutzung der Dienste der Website nach einer solchen Mitteilung implizit mit den vorgeschlagenen Aktualisierungen einverstanden.<\/p>\n\n\n\n<p>Der Verantwortliche empfiehlt Ihnen, dieses Dokument regelm\u00e4\u00dfig zu pr\u00fcfen, um sich \u00fcber unsere Datenschutzrichtlinien auf dem Laufenden zu halten.<\/p>\n","protected":false},"excerpt":{"rendered":"<p>VORWORT Dieses Dokument, das gem\u00e4\u00df Artikel&nbsp;13 der EU-Verordnung&nbsp;679\/2016 verfasst wurde, beschreibt die Art und Weise, in der die Website \u201eferrox.it\u201c die personenbezogenen Daten der Benutzer ihrer Website (im Folgenden \u201eWebsite\u201c) sammelt und verarbeitet, unabh\u00e4ngig davon, ob diese als registrierte Benutzer (diejenigen, die ein Konto auf der Website haben, im Folgenden \u201eregistrierte Benutzer\u201c) oder nicht registrierte [&hellip;]<\/p>\n","protected":false},"author":17,"featured_media":0,"parent":0,"menu_order":0,"comment_status":"closed","ping_status":"open","template":"page-privacy-policy.php","meta":{"_acf_changed":false,"footnotes":""},"class_list":["post-3425","page","type-page","status-publish","hentry"],"acf":[],"yoast_head":"<!-- This site is optimized with the Yoast SEO plugin v27.4 - https:\/\/yoast.com\/product\/yoast-seo-wordpress\/ -->\n<title>Privacy policy - www.ferrox.it<\/title>\n<meta name=\"robots\" content=\"index, follow, max-snippet:-1, max-image-preview:large, max-video-preview:-1\" \/>\n<link rel=\"canonical\" href=\"https:\/\/www.ferrox.it\/de\/privacy-policy\/\" \/>\n<meta property=\"og:locale\" content=\"de_DE\" \/>\n<meta property=\"og:type\" content=\"article\" \/>\n<meta property=\"og:title\" content=\"Privacy policy - www.ferrox.it\" \/>\n<meta property=\"og:description\" content=\"VORWORT Dieses Dokument, das gem\u00e4\u00df Artikel&nbsp;13 der EU-Verordnung&nbsp;679\/2016 verfasst wurde, beschreibt die Art und Weise, in der die Website \u201eferrox.it\u201c die personenbezogenen Daten der Benutzer ihrer Website (im Folgenden \u201eWebsite\u201c) sammelt und verarbeitet, unabh\u00e4ngig davon, ob diese als registrierte Benutzer (diejenigen, die ein Konto auf der Website haben, im Folgenden \u201eregistrierte Benutzer\u201c) oder nicht registrierte [&hellip;]\" \/>\n<meta property=\"og:url\" content=\"https:\/\/www.ferrox.it\/de\/privacy-policy\/\" \/>\n<meta property=\"og:site_name\" content=\"www.ferrox.it\" \/>\n<meta property=\"article:publisher\" content=\"https:\/\/www.facebook.com\/ferrox.srl\" \/>\n<meta property=\"article:modified_time\" content=\"2023-09-07T09:26:26+00:00\" \/>\n<meta name=\"twitter:card\" content=\"summary_large_image\" \/>\n<script type=\"application\/ld+json\" class=\"yoast-schema-graph\">{\"@context\":\"https:\\\/\\\/schema.org\",\"@graph\":[{\"@type\":\"WebPage\",\"@id\":\"https:\\\/\\\/www.ferrox.it\\\/de\\\/privacy-policy\\\/\",\"url\":\"https:\\\/\\\/www.ferrox.it\\\/de\\\/privacy-policy\\\/\",\"name\":\"Privacy policy - www.ferrox.it\",\"isPartOf\":{\"@id\":\"https:\\\/\\\/www.ferrox.it\\\/de\\\/#website\"},\"datePublished\":\"2022-10-24T13:50:36+00:00\",\"dateModified\":\"2023-09-07T09:26:26+00:00\",\"breadcrumb\":{\"@id\":\"https:\\\/\\\/www.ferrox.it\\\/de\\\/privacy-policy\\\/#breadcrumb\"},\"inLanguage\":\"de\",\"potentialAction\":[{\"@type\":\"ReadAction\",\"target\":[\"https:\\\/\\\/www.ferrox.it\\\/de\\\/privacy-policy\\\/\"]}]},{\"@type\":\"BreadcrumbList\",\"@id\":\"https:\\\/\\\/www.ferrox.it\\\/de\\\/privacy-policy\\\/#breadcrumb\",\"itemListElement\":[{\"@type\":\"ListItem\",\"position\":1,\"name\":\"Home\",\"item\":\"https:\\\/\\\/www.ferrox.it\\\/de\\\/\"},{\"@type\":\"ListItem\",\"position\":2,\"name\":\"Privacy policy\"}]},{\"@type\":\"WebSite\",\"@id\":\"https:\\\/\\\/www.ferrox.it\\\/de\\\/#website\",\"url\":\"https:\\\/\\\/www.ferrox.it\\\/de\\\/\",\"name\":\"Ferrox Srl\",\"description\":\"Attrezzatura professsionale per la riabilitazione\",\"publisher\":{\"@id\":\"https:\\\/\\\/www.ferrox.it\\\/de\\\/#organization\"},\"alternateName\":\"Ferrox\",\"potentialAction\":[{\"@type\":\"SearchAction\",\"target\":{\"@type\":\"EntryPoint\",\"urlTemplate\":\"https:\\\/\\\/www.ferrox.it\\\/de\\\/?s={search_term_string}\"},\"query-input\":{\"@type\":\"PropertyValueSpecification\",\"valueRequired\":true,\"valueName\":\"search_term_string\"}}],\"inLanguage\":\"de\"},{\"@type\":\"Organization\",\"@id\":\"https:\\\/\\\/www.ferrox.it\\\/de\\\/#organization\",\"name\":\"Ferrox\",\"url\":\"https:\\\/\\\/www.ferrox.it\\\/de\\\/\",\"logo\":{\"@type\":\"ImageObject\",\"inLanguage\":\"de\",\"@id\":\"https:\\\/\\\/www.ferrox.it\\\/de\\\/#\\\/schema\\\/logo\\\/image\\\/\",\"url\":\"https:\\\/\\\/www.ferrox.it\\\/wp-content\\\/uploads\\\/2023\\\/05\\\/logo-ferrox.png\",\"contentUrl\":\"https:\\\/\\\/www.ferrox.it\\\/wp-content\\\/uploads\\\/2023\\\/05\\\/logo-ferrox.png\",\"width\":400,\"height\":92,\"caption\":\"Ferrox\"},\"image\":{\"@id\":\"https:\\\/\\\/www.ferrox.it\\\/de\\\/#\\\/schema\\\/logo\\\/image\\\/\"},\"sameAs\":[\"https:\\\/\\\/www.facebook.com\\\/ferrox.srl\",\"https:\\\/\\\/www.instagram.com\\\/ferrox.srl\\\/\",\"https:\\\/\\\/www.linkedin.com\\\/company\\\/ferroxsrl\\\/\"]}]}<\/script>\n<!-- \/ Yoast SEO plugin. -->","yoast_head_json":{"title":"Privacy policy - www.ferrox.it","robots":{"index":"index","follow":"follow","max-snippet":"max-snippet:-1","max-image-preview":"max-image-preview:large","max-video-preview":"max-video-preview:-1"},"canonical":"https:\/\/www.ferrox.it\/de\/privacy-policy\/","og_locale":"de_DE","og_type":"article","og_title":"Privacy policy - www.ferrox.it","og_description":"VORWORT Dieses Dokument, das gem\u00e4\u00df Artikel&nbsp;13 der EU-Verordnung&nbsp;679\/2016 verfasst wurde, beschreibt die Art und Weise, in der die Website \u201eferrox.it\u201c die personenbezogenen Daten der Benutzer ihrer Website (im Folgenden \u201eWebsite\u201c) sammelt und verarbeitet, unabh\u00e4ngig davon, ob diese als registrierte Benutzer (diejenigen, die ein Konto auf der Website haben, im Folgenden \u201eregistrierte Benutzer\u201c) oder nicht registrierte [&hellip;]","og_url":"https:\/\/www.ferrox.it\/de\/privacy-policy\/","og_site_name":"www.ferrox.it","article_publisher":"https:\/\/www.facebook.com\/ferrox.srl","article_modified_time":"2023-09-07T09:26:26+00:00","twitter_card":"summary_large_image","schema":{"@context":"https:\/\/schema.org","@graph":[{"@type":"WebPage","@id":"https:\/\/www.ferrox.it\/de\/privacy-policy\/","url":"https:\/\/www.ferrox.it\/de\/privacy-policy\/","name":"Privacy policy - www.ferrox.it","isPartOf":{"@id":"https:\/\/www.ferrox.it\/de\/#website"},"datePublished":"2022-10-24T13:50:36+00:00","dateModified":"2023-09-07T09:26:26+00:00","breadcrumb":{"@id":"https:\/\/www.ferrox.it\/de\/privacy-policy\/#breadcrumb"},"inLanguage":"de","potentialAction":[{"@type":"ReadAction","target":["https:\/\/www.ferrox.it\/de\/privacy-policy\/"]}]},{"@type":"BreadcrumbList","@id":"https:\/\/www.ferrox.it\/de\/privacy-policy\/#breadcrumb","itemListElement":[{"@type":"ListItem","position":1,"name":"Home","item":"https:\/\/www.ferrox.it\/de\/"},{"@type":"ListItem","position":2,"name":"Privacy policy"}]},{"@type":"WebSite","@id":"https:\/\/www.ferrox.it\/de\/#website","url":"https:\/\/www.ferrox.it\/de\/","name":"Ferrox Srl","description":"Attrezzatura professsionale per la riabilitazione","publisher":{"@id":"https:\/\/www.ferrox.it\/de\/#organization"},"alternateName":"Ferrox","potentialAction":[{"@type":"SearchAction","target":{"@type":"EntryPoint","urlTemplate":"https:\/\/www.ferrox.it\/de\/?s={search_term_string}"},"query-input":{"@type":"PropertyValueSpecification","valueRequired":true,"valueName":"search_term_string"}}],"inLanguage":"de"},{"@type":"Organization","@id":"https:\/\/www.ferrox.it\/de\/#organization","name":"Ferrox","url":"https:\/\/www.ferrox.it\/de\/","logo":{"@type":"ImageObject","inLanguage":"de","@id":"https:\/\/www.ferrox.it\/de\/#\/schema\/logo\/image\/","url":"https:\/\/www.ferrox.it\/wp-content\/uploads\/2023\/05\/logo-ferrox.png","contentUrl":"https:\/\/www.ferrox.it\/wp-content\/uploads\/2023\/05\/logo-ferrox.png","width":400,"height":92,"caption":"Ferrox"},"image":{"@id":"https:\/\/www.ferrox.it\/de\/#\/schema\/logo\/image\/"},"sameAs":["https:\/\/www.facebook.com\/ferrox.srl","https:\/\/www.instagram.com\/ferrox.srl\/","https:\/\/www.linkedin.com\/company\/ferroxsrl\/"]}]}},"_links":{"self":[{"href":"https:\/\/www.ferrox.it\/de\/wp-json\/wp\/v2\/pages\/3425","targetHints":{"allow":["GET"]}}],"collection":[{"href":"https:\/\/www.ferrox.it\/de\/wp-json\/wp\/v2\/pages"}],"about":[{"href":"https:\/\/www.ferrox.it\/de\/wp-json\/wp\/v2\/types\/page"}],"author":[{"embeddable":true,"href":"https:\/\/www.ferrox.it\/de\/wp-json\/wp\/v2\/users\/17"}],"replies":[{"embeddable":true,"href":"https:\/\/www.ferrox.it\/de\/wp-json\/wp\/v2\/comments?post=3425"}],"version-history":[{"count":2,"href":"https:\/\/www.ferrox.it\/de\/wp-json\/wp\/v2\/pages\/3425\/revisions"}],"predecessor-version":[{"id":3922,"href":"https:\/\/www.ferrox.it\/de\/wp-json\/wp\/v2\/pages\/3425\/revisions\/3922"}],"wp:attachment":[{"href":"https:\/\/www.ferrox.it\/de\/wp-json\/wp\/v2\/media?parent=3425"}],"curies":[{"name":"wp","href":"https:\/\/api.w.org\/{rel}","templated":true}]}}